{"id":23,"date":"2024-05-02T07:23:38","date_gmt":"2024-05-02T07:23:38","guid":{"rendered":"https:\/\/cms.code4rest.com\/wp95\/?page_id=16"},"modified":"2026-02-19T13:49:04","modified_gmt":"2026-02-19T13:49:04","slug":"o-nas","status":"publish","type":"page","link":"https:\/\/racinglineteam.pl\/index.php\/o-nas\/","title":{"rendered":"O nas"},"content":{"rendered":"\t\t<div data-elementor-type=\"wp-page\" data-elementor-id=\"23\" class=\"elementor elementor-23\">\n\t\t\t\t\t\t<div class=\"elementor-section elementor-top-section elementor-element elementor-element-4977ed6 animated-slow elementor-section-boxed elementor-section-height-default elementor-section-height-default elementor-invisible\" data-id=\"4977ed6\" data-element_type=\"section\" data-e-type=\"section\" data-settings=\"{&quot;animation&quot;:&quot;fadeIn&quot;}\">\n\t\t\t\t\t\t<div class=\"elementor-container elementor-column-gap-default\">\n\t\t\t\t\t<div class=\"elementor-column elementor-col-50 elementor-top-column elementor-element elementor-element-455b688\" data-id=\"455b688\" data-element_type=\"column\" data-e-type=\"column\">\n\t\t\t<div class=\"elementor-widget-wrap elementor-element-populated\">\n\t\t\t\t\t\t<div class=\"elementor-element elementor-element-c7a647c elementor-absolute elementor-widget__width-initial elementor-widget elementor-widget-image\" data-id=\"c7a647c\" data-element_type=\"widget\" data-e-type=\"widget\" data-settings=\"{&quot;_position&quot;:&quot;absolute&quot;}\" data-widget_type=\"image.default\">\n\t\t\t\t\t\t\t\t\t\t\t\t\t\t\t<img fetchpriority=\"high\" decoding=\"async\" width=\"1353\" height=\"649\" src=\"https:\/\/racinglineteam.pl\/wp-content\/uploads\/2026\/02\/RACINGLINE_LOGO_2.png\" class=\"attachment-full size-full wp-image-1190\" alt=\"\" srcset=\"https:\/\/racinglineteam.pl\/wp-content\/uploads\/2026\/02\/RACINGLINE_LOGO_2.png 1353w, https:\/\/racinglineteam.pl\/wp-content\/uploads\/2026\/02\/RACINGLINE_LOGO_2-300x144.png 300w, https:\/\/racinglineteam.pl\/wp-content\/uploads\/2026\/02\/RACINGLINE_LOGO_2-1024x491.png 1024w, https:\/\/racinglineteam.pl\/wp-content\/uploads\/2026\/02\/RACINGLINE_LOGO_2-768x368.png 768w\" sizes=\"(max-width: 1353px) 100vw, 1353px\" \/>\t\t\t\t\t\t\t\t\t\t\t\t\t\t\t<\/div>\n\t\t\t\t\t<\/div>\n\t\t<\/div>\n\t\t\t\t<div class=\"elementor-column elementor-col-50 elementor-top-column elementor-element elementor-element-a45750d\" data-id=\"a45750d\" data-element_type=\"column\" data-e-type=\"column\">\n\t\t\t<div class=\"elementor-widget-wrap elementor-element-populated\">\n\t\t\t\t\t\t<div class=\"elementor-element elementor-element-c96eb01 elementor-widget elementor-widget-heading\" data-id=\"c96eb01\" data-element_type=\"widget\" data-e-type=\"widget\" data-widget_type=\"heading.default\">\n\t\t\t\t\t<h2 class=\"elementor-heading-title elementor-size-default\">Czym jest racing line<\/h2>\t\t\t\t<\/div>\n\t\t\t\t<div class=\"elementor-element elementor-element-ce1c0b0 elementor-widget elementor-widget-text-editor\" data-id=\"ce1c0b0\" data-element_type=\"widget\" data-e-type=\"widget\" data-widget_type=\"text-editor.default\">\n\t\t\t\t\t\t\t\t\t<p data-start=\"132\" data-end=\"408\"><strong data-start=\"132\" data-end=\"147\">Racing Line<\/strong> zosta\u0142o oficjalnie za\u0142o\u017cone <strong data-start=\"176\" data-end=\"201\">12 stycznia 2026 roku<\/strong> z inicjatywy <strong data-start=\"215\" data-end=\"235\">Grzegorza Mazura<\/strong>. Od samego pocz\u0105tku projekt mia\u0142 jasno okre\u015blon\u0105 wizj\u0119 \u2013 stworzy\u0107 silny, og\u00f3lnopolski zesp\u00f3\u0142, kt\u00f3ry po\u0142\u0105czy pasj\u0119 do motorsportu z profesjonalnym podej\u015bciem do rywalizacji.<\/p><p data-start=\"410\" data-end=\"785\">Pomys\u0142 powsta\u0142 z potrzeby zbudowania struktury, kt\u00f3ra umo\u017cliwi zawodnikom wsp\u00f3lny rozw\u00f3j, trening oraz reprezentowanie jednej, sp\u00f3jnej marki na scenie simracingowej. Racing Line mia\u0142o by\u0107 czym\u015b wi\u0119cej ni\u017c dru\u017cyn\u0105 \u2013 mia\u0142o sta\u0107 si\u0119 projektem d\u0142ugofalowym, opartym na warto\u015bciach takich jak zaanga\u017cowanie, wsp\u00f3\u0142praca i konsekwencja w d\u0105\u017ceniu do celu.<\/p><p data-start=\"787\" data-end=\"1083\">W p\u00f3\u017aniejszym etapie do projektu do\u0142\u0105czy\u0142 <strong data-start=\"829\" data-end=\"842\">Jakub D\u0105browski<\/strong>, kt\u00f3ry obj\u0105\u0142 rol\u0119 wsp\u00f3\u0142za\u0142o\u017cyciela zespo\u0142u. Jego wsparcie organizacyjne i strategiczne pozwoli\u0142o nada\u0107 Racing Line jeszcze wi\u0119ksz\u0105 dynamik\u0119 rozwoju. Wsp\u00f3lnie rozpocz\u0119li budowanie nie tylko zespo\u0142u, ale tak\u017ce silnej spo\u0142eczno\u015bci wok\u00f3\u0142 marki.<\/p><p data-start=\"1085\" data-end=\"1369\">Jednym z kluczowych filar\u00f3w dzia\u0142alno\u015bci Racing Line sta\u0142o si\u0119 <strong data-start=\"1148\" data-end=\"1197\">budowanie spo\u0142eczno\u015bci simracingowej w Polsce<\/strong>. Celem by\u0142o stworzenie przestrzeni, w kt\u00f3rej kierowcy \u2013 zar\u00f3wno pocz\u0105tkuj\u0105cy, jak i do\u015bwiadczeni \u2013 mog\u0105 rywalizowa\u0107, wymienia\u0107 do\u015bwiadczenia i rozwija\u0107 swoje umiej\u0119tno\u015bci.<\/p><p data-start=\"1371\" data-end=\"1731\">Naturalnym krokiem w rozwoju projektu by\u0142o r\u00f3wnie\u017c <strong data-start=\"1422\" data-end=\"1462\">budowanie w\u0142asnej ligi simracingowej<\/strong>, kt\u00f3ra ma integrowa\u0107 \u015brodowisko, podnosi\u0107 poziom sportowy oraz tworzy\u0107 profesjonalne warunki do rywalizacji. Liga Racing Line to inicjatywa skierowana do ca\u0142ej polskiej spo\u0142eczno\u015bci \u2013 z naciskiem na fair play, organizacj\u0119 na wysokim poziomie oraz systematyczny rozw\u00f3j.<\/p><p data-start=\"1733\" data-end=\"1802\">Od momentu powstania Racing Line konsekwentnie realizuje swoj\u0105 misj\u0119:<\/p><ul data-start=\"1803\" data-end=\"2029\"><li data-start=\"1803\" data-end=\"1856\"><p data-start=\"1805\" data-end=\"1856\">tworzenie profesjonalnego zespo\u0142u,<\/p><\/li><li data-start=\"1857\" data-end=\"1895\"><p data-start=\"1859\" data-end=\"1895\">rozwijanie struktur organizacyjnych,<\/p><\/li><li data-start=\"1896\" data-end=\"1929\"><p data-start=\"1898\" data-end=\"1929\">budowanie rozpoznawalnej marki,<\/p><\/li><li data-start=\"1930\" data-end=\"1979\"><p data-start=\"1932\" data-end=\"1979\">integracj\u0119 i rozw\u00f3j spo\u0142eczno\u015bci simracingowej,<\/p><\/li><li data-start=\"1980\" data-end=\"2029\"><p data-start=\"1982\" data-end=\"2029\">organizacj\u0119 ligi na wysokim poziomie sportowym.<\/p><\/li><\/ul><p>Racing Line to projekt tworzony z wizj\u0105 przysz\u0142o\u015bci \u2013 jako inicjatywa, kt\u00f3ra \u0142\u0105czy pasj\u0119, profesjonalizm i wsp\u00f3ln\u0105 drog\u0119 do sukcesu.<\/p>\t\t\t\t\t\t\t\t<\/div>\n\t\t\t\t<div class=\"elementor-element elementor-element-1791053 elementor-tablet-align-center e-transform elementor-widget elementor-widget-button\" data-id=\"1791053\" data-element_type=\"widget\" data-e-type=\"widget\" data-settings=\"{&quot;_transform_skewX_effect&quot;:{&quot;unit&quot;:&quot;px&quot;,&quot;size&quot;:-15,&quot;sizes&quot;:[]},&quot;_transform_skewX_effect_tablet&quot;:{&quot;unit&quot;:&quot;deg&quot;,&quot;size&quot;:&quot;&quot;,&quot;sizes&quot;:[]},&quot;_transform_skewX_effect_mobile&quot;:{&quot;unit&quot;:&quot;deg&quot;,&quot;size&quot;:&quot;&quot;,&quot;sizes&quot;:[]},&quot;_transform_skewY_effect&quot;:{&quot;unit&quot;:&quot;px&quot;,&quot;size&quot;:&quot;&quot;,&quot;sizes&quot;:[]},&quot;_transform_skewY_effect_tablet&quot;:{&quot;unit&quot;:&quot;deg&quot;,&quot;size&quot;:&quot;&quot;,&quot;sizes&quot;:[]},&quot;_transform_skewY_effect_mobile&quot;:{&quot;unit&quot;:&quot;deg&quot;,&quot;size&quot;:&quot;&quot;,&quot;sizes&quot;:[]}}\" data-widget_type=\"button.default\">\n\t\t\t\t\t\t\t\t\t\t<a class=\"elementor-button elementor-button-link elementor-size-sm\" href=\"#\">\n\t\t\t\t\t\t<span class=\"elementor-button-content-wrapper\">\n\t\t\t\t\t\t\t\t\t<span class=\"elementor-button-text\">Czytaj wi\u0119cej<\/span>\n\t\t\t\t\t<\/span>\n\t\t\t\t\t<\/a>\n\t\t\t\t\t\t\t\t<\/div>\n\t\t\t\t\t<\/div>\n\t\t<\/div>\n\t\t\t\t\t<\/div>\n\t\t<\/div>\n\t\t\t\t<\/div>\n\t\t","protected":false},"excerpt":{"rendered":"<p>Czym jest racing line Racing Line zosta\u0142o oficjalnie za\u0142o\u017cone 12 stycznia 2026 roku z inicjatywy Grzegorza Mazura. Od samego pocz\u0105tku projekt mia\u0142 jasno okre\u015blon\u0105 wizj\u0119 \u2013 stworzy\u0107 silny, og\u00f3lnopolski zesp\u00f3\u0142, kt\u00f3ry po\u0142\u0105czy pasj\u0119 do motorsportu z profesjonalnym podej\u015bciem do rywalizacji. Pomys\u0142 powsta\u0142 z potrzeby zbudowania struktury, kt\u00f3ra umo\u017cliwi zawodnikom wsp\u00f3lny rozw\u00f3j, trening oraz reprezentowanie jednej,&#8230;<\/p>\n","protected":false},"author":2,"featured_media":289,"parent":0,"menu_order":0,"comment_status":"closed","ping_status":"closed","template":"","meta":{"_kad_post_transparent":"","_kad_post_title":"default","_kad_post_layout":"default","_kad_post_sidebar_id":"","_kad_post_content_style":"unboxed","_kad_post_vertical_padding":"default","_kad_post_feature":"default","_kad_post_feature_position":"","_kad_post_header":false,"_kad_post_footer":false,"footnotes":""},"class_list":["post-23","page","type-page","status-publish","has-post-thumbnail","hentry"],"_links":{"self":[{"href":"https:\/\/racinglineteam.pl\/index.php\/wp-json\/wp\/v2\/pages\/23","targetHints":{"allow":["GET"]}}],"collection":[{"href":"https:\/\/racinglineteam.pl\/index.php\/wp-json\/wp\/v2\/pages"}],"about":[{"href":"https:\/\/racinglineteam.pl\/index.php\/wp-json\/wp\/v2\/types\/page"}],"author":[{"embeddable":true,"href":"https:\/\/racinglineteam.pl\/index.php\/wp-json\/wp\/v2\/users\/2"}],"replies":[{"embeddable":true,"href":"https:\/\/racinglineteam.pl\/index.php\/wp-json\/wp\/v2\/comments?post=23"}],"version-history":[{"count":31,"href":"https:\/\/racinglineteam.pl\/index.php\/wp-json\/wp\/v2\/pages\/23\/revisions"}],"predecessor-version":[{"id":1343,"href":"https:\/\/racinglineteam.pl\/index.php\/wp-json\/wp\/v2\/pages\/23\/revisions\/1343"}],"wp:featuredmedia":[{"embeddable":true,"href":"https:\/\/racinglineteam.pl\/index.php\/wp-json\/"}],"wp:attachment":[{"href":"https:\/\/racinglineteam.pl\/index.php\/wp-json\/wp\/v2\/media?parent=23"}],"curies":[{"name":"wp","href":"https:\/\/api.w.org\/{rel}","templated":true}]}}