{"id":25,"date":"2024-05-02T07:24:05","date_gmt":"2024-05-02T07:24:05","guid":{"rendered":"https:\/\/cms.code4rest.com\/wp95\/?page_id=20"},"modified":"2026-02-19T11:01:42","modified_gmt":"2026-02-19T11:01:42","slug":"servies","status":"publish","type":"page","link":"https:\/\/racinglineteam.pl\/index.php\/servies\/","title":{"rendered":"Wsp\u00f3\u0142prace"},"content":{"rendered":"\t\t<div data-elementor-type=\"wp-page\" data-elementor-id=\"25\" class=\"elementor elementor-25\">\n\t\t\t\t\t\t<section class=\"elementor-section elementor-top-section elementor-element elementor-element-576aafe elementor-section-boxed elementor-section-height-default elementor-section-height-default\" data-id=\"576aafe\" data-element_type=\"section\" data-e-type=\"section\">\n\t\t\t\t\t\t<div class=\"elementor-container elementor-column-gap-default\">\n\t\t\t\t\t<div class=\"elementor-column elementor-col-100 elementor-top-column elementor-element elementor-element-5bd84a5\" data-id=\"5bd84a5\" data-element_type=\"column\" data-e-type=\"column\">\n\t\t\t<div class=\"elementor-widget-wrap elementor-element-populated\">\n\t\t\t\t\t\t<div class=\"elementor-element elementor-element-8cb7235 elementor-widget__width-initial e-transform elementor-widget elementor-widget-image\" data-id=\"8cb7235\" data-element_type=\"widget\" data-e-type=\"widget\" data-settings=\"{&quot;_transform_translateX_effect&quot;:{&quot;unit&quot;:&quot;px&quot;,&quot;size&quot;:475,&quot;sizes&quot;:[]},&quot;_transform_translateX_effect_tablet&quot;:{&quot;unit&quot;:&quot;px&quot;,&quot;size&quot;:&quot;&quot;,&quot;sizes&quot;:[]},&quot;_transform_translateX_effect_mobile&quot;:{&quot;unit&quot;:&quot;px&quot;,&quot;size&quot;:&quot;&quot;,&quot;sizes&quot;:[]},&quot;_transform_translateY_effect&quot;:{&quot;unit&quot;:&quot;px&quot;,&quot;size&quot;:&quot;&quot;,&quot;sizes&quot;:[]},&quot;_transform_translateY_effect_tablet&quot;:{&quot;unit&quot;:&quot;px&quot;,&quot;size&quot;:&quot;&quot;,&quot;sizes&quot;:[]},&quot;_transform_translateY_effect_mobile&quot;:{&quot;unit&quot;:&quot;px&quot;,&quot;size&quot;:&quot;&quot;,&quot;sizes&quot;:[]}}\" data-widget_type=\"image.default\">\n\t\t\t\t\t\t\t\t\t\t\t\t\t\t\t<img fetchpriority=\"high\" decoding=\"async\" width=\"572\" height=\"368\" src=\"https:\/\/racinglineteam.pl\/wp-content\/uploads\/2026\/02\/gt_logo_2-2.png\" class=\"attachment-large size-large wp-image-1197\" alt=\"\" srcset=\"https:\/\/racinglineteam.pl\/wp-content\/uploads\/2026\/02\/gt_logo_2-2.png 572w, https:\/\/racinglineteam.pl\/wp-content\/uploads\/2026\/02\/gt_logo_2-2-300x193.png 300w\" sizes=\"(max-width: 572px) 100vw, 572px\" \/>\t\t\t\t\t\t\t\t\t\t\t\t\t\t\t<\/div>\n\t\t\t\t<div class=\"elementor-element elementor-element-cf82e34 elementor-widget elementor-widget-text-editor\" data-id=\"cf82e34\" data-element_type=\"widget\" data-e-type=\"widget\" data-widget_type=\"text-editor.default\">\n\t\t\t\t\t\t\t\t\t<p style=\"text-align: center;\"><strong>GT Leatherwork<\/strong> \u2013 firm\u0105 kaletnicz\u0105, kt\u00f3ra wie, jak po\u0142\u0105czy\u0107 jako\u015b\u0107, styl i motorsportowy charakter.<br>Je\u015bli cenisz r\u0119czne wykonanie, premium materia\u0142y i detale dopracowane do perfekcji \u2013 ta wsp\u00f3\u0142praca jest w\u0142a\u015bnie dla Ciebie.<br>BONUS dla naszej spo\u0142eczno\u015bci!<br>Na <strong>has\u0142o Racing Line<\/strong> otrzymujesz <strong>-10% zni\u017cki<\/strong> na produkty GT Leatherwork.<br>Sprawd\u017a ich ofert\u0119 i podkr\u0119\u0107 wn\u0119trze swojego auta albo styl codziennych akcesori\u00f3w.<br><br><br><br><br><\/p>\t\t\t\t\t\t\t\t<\/div>\n\t\t\t\t<div class=\"elementor-element elementor-element-7129415 elementor-widget__width-initial e-transform elementor-widget elementor-widget-image\" data-id=\"7129415\" data-element_type=\"widget\" data-e-type=\"widget\" data-settings=\"{&quot;_transform_translateX_effect&quot;:{&quot;unit&quot;:&quot;px&quot;,&quot;size&quot;:475,&quot;sizes&quot;:[]},&quot;_transform_translateX_effect_tablet&quot;:{&quot;unit&quot;:&quot;px&quot;,&quot;size&quot;:&quot;&quot;,&quot;sizes&quot;:[]},&quot;_transform_translateX_effect_mobile&quot;:{&quot;unit&quot;:&quot;px&quot;,&quot;size&quot;:&quot;&quot;,&quot;sizes&quot;:[]},&quot;_transform_translateY_effect&quot;:{&quot;unit&quot;:&quot;px&quot;,&quot;size&quot;:&quot;&quot;,&quot;sizes&quot;:[]},&quot;_transform_translateY_effect_tablet&quot;:{&quot;unit&quot;:&quot;px&quot;,&quot;size&quot;:&quot;&quot;,&quot;sizes&quot;:[]},&quot;_transform_translateY_effect_mobile&quot;:{&quot;unit&quot;:&quot;px&quot;,&quot;size&quot;:&quot;&quot;,&quot;sizes&quot;:[]}}\" data-widget_type=\"image.default\">\n\t\t\t\t\t\t\t\t\t\t\t\t\t\t\t<img decoding=\"async\" width=\"782\" height=\"376\" src=\"https:\/\/racinglineteam.pl\/wp-content\/uploads\/2026\/02\/Logo_DC.png\" class=\"attachment-large size-large wp-image-1199\" alt=\"\" srcset=\"https:\/\/racinglineteam.pl\/wp-content\/uploads\/2026\/02\/Logo_DC.png 782w, https:\/\/racinglineteam.pl\/wp-content\/uploads\/2026\/02\/Logo_DC-300x144.png 300w, https:\/\/racinglineteam.pl\/wp-content\/uploads\/2026\/02\/Logo_DC-768x369.png 768w\" sizes=\"(max-width: 782px) 100vw, 782px\" \/>\t\t\t\t\t\t\t\t\t\t\t\t\t\t\t<\/div>\n\t\t\t\t\t<\/div>\n\t\t<\/div>\n\t\t\t\t\t<\/div>\n\t\t<\/section>\n\t\t\t\t<section class=\"elementor-section elementor-top-section elementor-element elementor-element-aa3de24 elementor-section-boxed elementor-section-height-default elementor-section-height-default\" data-id=\"aa3de24\" data-element_type=\"section\" data-e-type=\"section\">\n\t\t\t\t\t\t<div class=\"elementor-container elementor-column-gap-default\">\n\t\t\t\t\t<div class=\"elementor-column elementor-col-100 elementor-top-column elementor-element elementor-element-e06df7a\" data-id=\"e06df7a\" data-element_type=\"column\" data-e-type=\"column\">\n\t\t\t<div class=\"elementor-widget-wrap elementor-element-populated\">\n\t\t\t\t\t\t<div class=\"elementor-element elementor-element-e8979a8 elementor-widget elementor-widget-text-editor\" data-id=\"e8979a8\" data-element_type=\"widget\" data-e-type=\"widget\" data-widget_type=\"text-editor.default\">\n\t\t\t\t\t\t\t\t\t<p style=\"text-align: center;\"><a class=\"x1i10hfl xjbqb8w x1ejq31n x18oe1m7 x1sy0etr xstzfhl x972fbf x10w94by x1qhh985 x14e42zd x9f619 x1ypdohk xt0psk2 x3ct3a4 xdj266r x14z9mp xat24cr x1lziwak xexx8yu xyri2b x18d9i69 x1c1uobl x16tdsg8 x1hl2dhg xggy1nq x1a2a7pz notranslate _a6hd\" tabindex=\"0\" role=\"link\" href=\"https:\/\/www.instagram.com\/daily_dreamc4rs\/\"><strong>daily dreamc4rs <\/strong>&#8211; <\/a>Rozgl\u0105dasz si\u0119 za autem z Ameryki? Idealnie trafi\u0142e\u015b, ch\u0142opaki z DC. to solidna firma specjalizuj\u0105ca si\u0119 w imporcie aut ze Stan\u00f3w. <strong>Racing Line \u00d7 daily dreamc4rs<\/strong>.<br \/>Jedna pasja. Jedna linia<\/p>\t\t\t\t\t\t\t\t<\/div>\n\t\t\t\t\t<\/div>\n\t\t<\/div>\n\t\t\t\t\t<\/div>\n\t\t<\/section>\n\t\t\t\t<\/div>\n\t\t","protected":false},"excerpt":{"rendered":"<p>GT Leatherwork \u2013 firm\u0105 kaletnicz\u0105, kt\u00f3ra wie, jak po\u0142\u0105czy\u0107 jako\u015b\u0107, styl i motorsportowy charakter.Je\u015bli cenisz r\u0119czne wykonanie, premium materia\u0142y i detale dopracowane do perfekcji \u2013 ta wsp\u00f3\u0142praca jest w\u0142a\u015bnie dla Ciebie.BONUS dla naszej spo\u0142eczno\u015bci!Na has\u0142o Racing Line otrzymujesz -10% zni\u017cki na produkty GT Leatherwork.Sprawd\u017a ich ofert\u0119 i podkr\u0119\u0107 wn\u0119trze swojego auta albo styl codziennych akcesori\u00f3w&#8230;.<\/p>\n","protected":false},"author":2,"featured_media":291,"parent":0,"menu_order":0,"comment_status":"closed","ping_status":"closed","template":"","meta":{"_kad_post_transparent":"","_kad_post_title":"default","_kad_post_layout":"default","_kad_post_sidebar_id":"","_kad_post_content_style":"unboxed","_kad_post_vertical_padding":"default","_kad_post_feature":"default","_kad_post_feature_position":"","_kad_post_header":false,"_kad_post_footer":false,"footnotes":""},"class_list":["post-25","page","type-page","status-publish","has-post-thumbnail","hentry"],"_links":{"self":[{"href":"https:\/\/racinglineteam.pl\/index.php\/wp-json\/wp\/v2\/pages\/25","targetHints":{"allow":["GET"]}}],"collection":[{"href":"https:\/\/racinglineteam.pl\/index.php\/wp-json\/wp\/v2\/pages"}],"about":[{"href":"https:\/\/racinglineteam.pl\/index.php\/wp-json\/wp\/v2\/types\/page"}],"author":[{"embeddable":true,"href":"https:\/\/racinglineteam.pl\/index.php\/wp-json\/wp\/v2\/users\/2"}],"replies":[{"embeddable":true,"href":"https:\/\/racinglineteam.pl\/index.php\/wp-json\/wp\/v2\/comments?post=25"}],"version-history":[{"count":21,"href":"https:\/\/racinglineteam.pl\/index.php\/wp-json\/wp\/v2\/pages\/25\/revisions"}],"predecessor-version":[{"id":1387,"href":"https:\/\/racinglineteam.pl\/index.php\/wp-json\/wp\/v2\/pages\/25\/revisions\/1387"}],"wp:featuredmedia":[{"embeddable":true,"href":"https:\/\/racinglineteam.pl\/index.php\/wp-json\/"}],"wp:attachment":[{"href":"https:\/\/racinglineteam.pl\/index.php\/wp-json\/wp\/v2\/media?parent=25"}],"curies":[{"name":"wp","href":"https:\/\/api.w.org\/{rel}","templated":true}]}}