{"id":262,"date":"2024-05-03T11:20:29","date_gmt":"2024-05-03T11:20:29","guid":{"rendered":"https:\/\/cms.code4rest.com\/wp95\/?page_id=262"},"modified":"2026-02-18T22:11:33","modified_gmt":"2026-02-18T22:11:33","slug":"team","status":"publish","type":"page","link":"https:\/\/racinglineteam.pl\/index.php\/team\/","title":{"rendered":"Zesp\u00f3\u0142"},"content":{"rendered":"\t\t<div data-elementor-type=\"wp-page\" data-elementor-id=\"262\" class=\"elementor elementor-262\">\n\t\t\t\t\t\t<div class=\"elementor-section elementor-top-section elementor-element elementor-element-0e4769b animated-slow elementor-section-boxed elementor-section-height-default elementor-section-height-default elementor-invisible\" data-id=\"0e4769b\" data-element_type=\"section\" data-e-type=\"section\" data-settings=\"{&quot;animation&quot;:&quot;fadeIn&quot;}\">\n\t\t\t\t\t\t<div class=\"elementor-container elementor-column-gap-default\">\n\t\t\t\t\t<div class=\"elementor-column elementor-col-100 elementor-top-column elementor-element elementor-element-c3117c5\" data-id=\"c3117c5\" data-element_type=\"column\" data-e-type=\"column\">\n\t\t\t<div class=\"elementor-widget-wrap elementor-element-populated\">\n\t\t\t\t\t\t<section class=\"elementor-section elementor-inner-section elementor-element elementor-element-6ee5a03 elementor-section-boxed elementor-section-height-default elementor-section-height-default\" data-id=\"6ee5a03\" data-element_type=\"section\" data-e-type=\"section\">\n\t\t\t\t\t\t<div class=\"elementor-container elementor-column-gap-default\">\n\t\t\t\t\t<div class=\"elementor-column elementor-col-25 elementor-inner-column elementor-element elementor-element-d803e1b\" data-id=\"d803e1b\" data-element_type=\"column\" data-e-type=\"column\">\n\t\t\t<div class=\"elementor-widget-wrap elementor-element-populated\">\n\t\t\t\t\t\t<div class=\"elementor-element elementor-element-c6f5b54 elementor-widget__width-initial elementor-position-top elementor-widget elementor-widget-image-box\" data-id=\"c6f5b54\" data-element_type=\"widget\" data-e-type=\"widget\" data-widget_type=\"image-box.default\">\n\t\t\t\t\t<div class=\"elementor-image-box-wrapper\"><figure class=\"elementor-image-box-img\"><img fetchpriority=\"high\" decoding=\"async\" width=\"768\" height=\"1152\" src=\"https:\/\/racinglineteam.pl\/wp-content\/uploads\/2026\/02\/elo-e1770925082592.png\" class=\"attachment-medium_large size-medium_large wp-image-931\" alt=\"\" \/><\/figure><div class=\"elementor-image-box-content\"><h3 class=\"elementor-image-box-title\">Grzegorz mazur<\/h3><p class=\"elementor-image-box-description\">za\u0142o\u017cyciel<b> <\/b>\/ Kierowca Racing Line<\/p><\/div><\/div>\t\t\t\t<\/div>\n\t\t\t\t\t<\/div>\n\t\t<\/div>\n\t\t\t\t<div class=\"elementor-column elementor-col-25 elementor-inner-column elementor-element elementor-element-1c2ef60\" data-id=\"1c2ef60\" data-element_type=\"column\" data-e-type=\"column\">\n\t\t\t<div class=\"elementor-widget-wrap elementor-element-populated\">\n\t\t\t\t\t\t<div class=\"elementor-element elementor-element-9043862 elementor-widget__width-initial elementor-position-top elementor-widget elementor-widget-image-box\" data-id=\"9043862\" data-element_type=\"widget\" data-e-type=\"widget\" data-widget_type=\"image-box.default\">\n\t\t\t\t\t<div class=\"elementor-image-box-wrapper\"><figure class=\"elementor-image-box-img\"><img decoding=\"async\" width=\"768\" height=\"1152\" src=\"https:\/\/racinglineteam.pl\/wp-content\/uploads\/2026\/02\/kuba-768x1152.png\" class=\"attachment-medium_large size-medium_large wp-image-1183\" alt=\"\" srcset=\"https:\/\/racinglineteam.pl\/wp-content\/uploads\/2026\/02\/kuba-768x1152.png 768w, https:\/\/racinglineteam.pl\/wp-content\/uploads\/2026\/02\/kuba-200x300.png 200w, https:\/\/racinglineteam.pl\/wp-content\/uploads\/2026\/02\/kuba-683x1024.png 683w, https:\/\/racinglineteam.pl\/wp-content\/uploads\/2026\/02\/kuba.png 1024w\" sizes=\"(max-width: 768px) 100vw, 768px\" \/><\/figure><div class=\"elementor-image-box-content\"><h3 class=\"elementor-image-box-title\">JAKUB D\u0104BROWSKI<\/h3><p class=\"elementor-image-box-description\">Wsp\u00f3\u0142za\u0142o\u017cyciel \/ Kierowca Racing Line<\/p><\/div><\/div>\t\t\t\t<\/div>\n\t\t\t\t\t<\/div>\n\t\t<\/div>\n\t\t\t\t<div class=\"elementor-column elementor-col-25 elementor-inner-column elementor-element elementor-element-dde94d4\" data-id=\"dde94d4\" data-element_type=\"column\" data-e-type=\"column\">\n\t\t\t<div class=\"elementor-widget-wrap elementor-element-populated\">\n\t\t\t\t\t\t<div class=\"elementor-element elementor-element-0eacd84 elementor-widget__width-initial elementor-position-top elementor-widget elementor-widget-image-box\" data-id=\"0eacd84\" data-element_type=\"widget\" data-e-type=\"widget\" data-widget_type=\"image-box.default\">\n\t\t\t\t\t<div class=\"elementor-image-box-wrapper\"><figure class=\"elementor-image-box-img\"><img decoding=\"async\" width=\"768\" height=\"1145\" src=\"https:\/\/racinglineteam.pl\/wp-content\/uploads\/2026\/02\/marcin-768x1145.png\" class=\"attachment-medium_large size-medium_large wp-image-1170\" alt=\"\" srcset=\"https:\/\/racinglineteam.pl\/wp-content\/uploads\/2026\/02\/marcin-768x1145.png 768w, https:\/\/racinglineteam.pl\/wp-content\/uploads\/2026\/02\/marcin-201x300.png 201w, https:\/\/racinglineteam.pl\/wp-content\/uploads\/2026\/02\/marcin-687x1024.png 687w, https:\/\/racinglineteam.pl\/wp-content\/uploads\/2026\/02\/marcin-1030x1536.png 1030w, https:\/\/racinglineteam.pl\/wp-content\/uploads\/2026\/02\/marcin-1374x2048.png 1374w, https:\/\/racinglineteam.pl\/wp-content\/uploads\/2026\/02\/marcin.png 1696w\" sizes=\"(max-width: 768px) 100vw, 768px\" \/><\/figure><div class=\"elementor-image-box-content\"><h3 class=\"elementor-image-box-title\">Marcin so\u0142tysiak<\/h3><p class=\"elementor-image-box-description\">Moderator \/ Kierowca Racing Line\n<\/p><\/div><\/div>\t\t\t\t<\/div>\n\t\t\t\t\t<\/div>\n\t\t<\/div>\n\t\t\t\t<div class=\"elementor-column elementor-col-25 elementor-inner-column elementor-element elementor-element-c7c10ad\" data-id=\"c7c10ad\" data-element_type=\"column\" data-e-type=\"column\">\n\t\t\t<div class=\"elementor-widget-wrap elementor-element-populated\">\n\t\t\t\t\t\t<div class=\"elementor-element elementor-element-41e6a27 elementor-widget__width-initial elementor-position-top elementor-widget elementor-widget-image-box\" data-id=\"41e6a27\" data-element_type=\"widget\" data-e-type=\"widget\" data-widget_type=\"image-box.default\">\n\t\t\t\t\t<div class=\"elementor-image-box-wrapper\"><figure class=\"elementor-image-box-img\"><img loading=\"lazy\" decoding=\"async\" width=\"768\" height=\"1152\" src=\"https:\/\/racinglineteam.pl\/wp-content\/uploads\/2026\/02\/bartek-2-768x1152.png\" class=\"attachment-medium_large size-medium_large wp-image-1166\" alt=\"\" srcset=\"https:\/\/racinglineteam.pl\/wp-content\/uploads\/2026\/02\/bartek-2-768x1152.png 768w, https:\/\/racinglineteam.pl\/wp-content\/uploads\/2026\/02\/bartek-2-200x300.png 200w, https:\/\/racinglineteam.pl\/wp-content\/uploads\/2026\/02\/bartek-2-683x1024.png 683w, https:\/\/racinglineteam.pl\/wp-content\/uploads\/2026\/02\/bartek-2.png 1024w\" sizes=\"(max-width: 768px) 100vw, 768px\" \/><\/figure><div class=\"elementor-image-box-content\"><h3 class=\"elementor-image-box-title\">bartek nowicki<\/h3><p class=\"elementor-image-box-description\">Kierowca Racing Line<\/p><\/div><\/div>\t\t\t\t<\/div>\n\t\t\t\t\t<\/div>\n\t\t<\/div>\n\t\t\t\t\t<\/div>\n\t\t<\/section>\n\t\t\t\t<section class=\"elementor-section elementor-inner-section elementor-element elementor-element-c029eaa elementor-section-boxed elementor-section-height-default elementor-section-height-default\" data-id=\"c029eaa\" data-element_type=\"section\" data-e-type=\"section\">\n\t\t\t\t\t\t<div class=\"elementor-container elementor-column-gap-default\">\n\t\t\t\t\t<div class=\"elementor-column elementor-col-25 elementor-inner-column elementor-element elementor-element-b5314fb\" data-id=\"b5314fb\" data-element_type=\"column\" data-e-type=\"column\">\n\t\t\t<div class=\"elementor-widget-wrap elementor-element-populated\">\n\t\t\t\t\t\t<div class=\"elementor-element elementor-element-8406ccd elementor-widget__width-initial elementor-position-top elementor-widget elementor-widget-image-box\" data-id=\"8406ccd\" data-element_type=\"widget\" data-e-type=\"widget\" data-widget_type=\"image-box.default\">\n\t\t\t\t\t<div class=\"elementor-image-box-wrapper\"><figure class=\"elementor-image-box-img\"><img loading=\"lazy\" decoding=\"async\" width=\"768\" height=\"1152\" src=\"https:\/\/racinglineteam.pl\/wp-content\/uploads\/2026\/02\/Tesar1-768x1152.png\" class=\"attachment-medium_large size-medium_large wp-image-1136\" alt=\"\" srcset=\"https:\/\/racinglineteam.pl\/wp-content\/uploads\/2026\/02\/Tesar1-768x1152.png 768w, https:\/\/racinglineteam.pl\/wp-content\/uploads\/2026\/02\/Tesar1-200x300.png 200w, https:\/\/racinglineteam.pl\/wp-content\/uploads\/2026\/02\/Tesar1-683x1024.png 683w, https:\/\/racinglineteam.pl\/wp-content\/uploads\/2026\/02\/Tesar1.png 1024w\" sizes=\"(max-width: 768px) 100vw, 768px\" \/><\/figure><div class=\"elementor-image-box-content\"><h3 class=\"elementor-image-box-title\">Grzegorz tesar<\/h3><p class=\"elementor-image-box-description\">Grafik \/ Kierowca Racing Line<\/p><\/div><\/div>\t\t\t\t<\/div>\n\t\t\t\t\t<\/div>\n\t\t<\/div>\n\t\t\t\t<div class=\"elementor-column elementor-col-25 elementor-inner-column elementor-element elementor-element-dc164c6\" data-id=\"dc164c6\" data-element_type=\"column\" data-e-type=\"column\">\n\t\t\t<div class=\"elementor-widget-wrap elementor-element-populated\">\n\t\t\t\t\t\t<div class=\"elementor-element elementor-element-257d423 elementor-widget__width-initial elementor-position-top elementor-widget elementor-widget-image-box\" data-id=\"257d423\" data-element_type=\"widget\" data-e-type=\"widget\" data-widget_type=\"image-box.default\">\n\t\t\t\t\t<div class=\"elementor-image-box-wrapper\"><figure class=\"elementor-image-box-img\"><img loading=\"lazy\" decoding=\"async\" width=\"768\" height=\"1152\" src=\"https:\/\/racinglineteam.pl\/wp-content\/uploads\/2026\/02\/zaba-768x1152.png\" class=\"attachment-medium_large size-medium_large wp-image-1219\" alt=\"\" srcset=\"https:\/\/racinglineteam.pl\/wp-content\/uploads\/2026\/02\/zaba-768x1152.png 768w, https:\/\/racinglineteam.pl\/wp-content\/uploads\/2026\/02\/zaba-200x300.png 200w, https:\/\/racinglineteam.pl\/wp-content\/uploads\/2026\/02\/zaba-683x1024.png 683w, https:\/\/racinglineteam.pl\/wp-content\/uploads\/2026\/02\/zaba.png 1024w\" sizes=\"(max-width: 768px) 100vw, 768px\" \/><\/figure><div class=\"elementor-image-box-content\"><h3 class=\"elementor-image-box-title\">patryk konowa\u0142ek<\/h3><p class=\"elementor-image-box-description\">Kierowca Racing Line<\/p><\/div><\/div>\t\t\t\t<\/div>\n\t\t\t\t\t<\/div>\n\t\t<\/div>\n\t\t\t\t<div class=\"elementor-column elementor-col-25 elementor-inner-column elementor-element elementor-element-6cf4e2a\" data-id=\"6cf4e2a\" data-element_type=\"column\" data-e-type=\"column\">\n\t\t\t<div class=\"elementor-widget-wrap elementor-element-populated\">\n\t\t\t\t\t\t<div class=\"elementor-element elementor-element-8bf48fe elementor-widget__width-initial elementor-position-top elementor-widget elementor-widget-image-box\" data-id=\"8bf48fe\" data-element_type=\"widget\" data-e-type=\"widget\" data-widget_type=\"image-box.default\">\n\t\t\t\t\t<div class=\"elementor-image-box-wrapper\"><figure class=\"elementor-image-box-img\"><img loading=\"lazy\" decoding=\"async\" width=\"768\" height=\"368\" src=\"https:\/\/racinglineteam.pl\/wp-content\/uploads\/2026\/02\/RACINGLINE_LOGO_2-768x368.png\" class=\"attachment-medium_large size-medium_large wp-image-1190\" alt=\"\" srcset=\"https:\/\/racinglineteam.pl\/wp-content\/uploads\/2026\/02\/RACINGLINE_LOGO_2-768x368.png 768w, https:\/\/racinglineteam.pl\/wp-content\/uploads\/2026\/02\/RACINGLINE_LOGO_2-300x144.png 300w, https:\/\/racinglineteam.pl\/wp-content\/uploads\/2026\/02\/RACINGLINE_LOGO_2-1024x491.png 1024w, https:\/\/racinglineteam.pl\/wp-content\/uploads\/2026\/02\/RACINGLINE_LOGO_2.png 1353w\" sizes=\"(max-width: 768px) 100vw, 768px\" \/><\/figure><div class=\"elementor-image-box-content\"><h3 class=\"elementor-image-box-title\">szymon chojnacki<\/h3><p class=\"elementor-image-box-description\">Kierowca Racing Line<\/p><\/div><\/div>\t\t\t\t<\/div>\n\t\t\t\t\t<\/div>\n\t\t<\/div>\n\t\t\t\t<div class=\"elementor-column elementor-col-25 elementor-inner-column elementor-element elementor-element-a18a53a\" data-id=\"a18a53a\" data-element_type=\"column\" data-e-type=\"column\">\n\t\t\t<div class=\"elementor-widget-wrap elementor-element-populated\">\n\t\t\t\t\t\t<div class=\"elementor-element elementor-element-d0dc8bd elementor-widget__width-initial elementor-position-top elementor-widget elementor-widget-image-box\" data-id=\"d0dc8bd\" data-element_type=\"widget\" data-e-type=\"widget\" data-widget_type=\"image-box.default\">\n\t\t\t\t\t<div class=\"elementor-image-box-wrapper\"><figure class=\"elementor-image-box-img\"><img loading=\"lazy\" decoding=\"async\" width=\"768\" height=\"368\" src=\"https:\/\/racinglineteam.pl\/wp-content\/uploads\/2026\/02\/RACINGLINE_LOGO_2-768x368.png\" class=\"attachment-medium_large size-medium_large wp-image-1190\" alt=\"\" srcset=\"https:\/\/racinglineteam.pl\/wp-content\/uploads\/2026\/02\/RACINGLINE_LOGO_2-768x368.png 768w, https:\/\/racinglineteam.pl\/wp-content\/uploads\/2026\/02\/RACINGLINE_LOGO_2-300x144.png 300w, https:\/\/racinglineteam.pl\/wp-content\/uploads\/2026\/02\/RACINGLINE_LOGO_2-1024x491.png 1024w, https:\/\/racinglineteam.pl\/wp-content\/uploads\/2026\/02\/RACINGLINE_LOGO_2.png 1353w\" sizes=\"(max-width: 768px) 100vw, 768px\" \/><\/figure><div class=\"elementor-image-box-content\"><h3 class=\"elementor-image-box-title\">wojciech kosciuk<\/h3><p class=\"elementor-image-box-description\">Kierowca Racing Line<\/p><\/div><\/div>\t\t\t\t<\/div>\n\t\t\t\t\t<\/div>\n\t\t<\/div>\n\t\t\t\t\t<\/div>\n\t\t<\/section>\n\t\t\t\t\t<\/div>\n\t\t<\/div>\n\t\t\t\t\t<\/div>\n\t\t<\/div>\n\t\t\t\t<\/div>\n\t\t","protected":false},"excerpt":{"rendered":"<p>Grzegorz mazur za\u0142o\u017cyciel \/ Kierowca Racing Line JAKUB D\u0104BROWSKI Wsp\u00f3\u0142za\u0142o\u017cyciel \/ Kierowca Racing Line Marcin so\u0142tysiak Moderator \/ Kierowca Racing Line bartek nowicki Kierowca Racing Line Grzegorz tesar Grafik \/ Kierowca Racing Line patryk konowa\u0142ek Kierowca Racing Line szymon chojnacki Kierowca Racing Line wojciech kosciuk Kierowca Racing Line<\/p>\n","protected":false},"author":2,"featured_media":289,"parent":0,"menu_order":0,"comment_status":"closed","ping_status":"closed","template":"","meta":{"_kad_post_transparent":"","_kad_post_title":"default","_kad_post_layout":"default","_kad_post_sidebar_id":"","_kad_post_content_style":"unboxed","_kad_post_vertical_padding":"default","_kad_post_feature":"default","_kad_post_feature_position":"","_kad_post_header":false,"_kad_post_footer":false,"footnotes":""},"class_list":["post-262","page","type-page","status-publish","has-post-thumbnail","hentry"],"_links":{"self":[{"href":"https:\/\/racinglineteam.pl\/index.php\/wp-json\/wp\/v2\/pages\/262","targetHints":{"allow":["GET"]}}],"collection":[{"href":"https:\/\/racinglineteam.pl\/index.php\/wp-json\/wp\/v2\/pages"}],"about":[{"href":"https:\/\/racinglineteam.pl\/index.php\/wp-json\/wp\/v2\/types\/page"}],"author":[{"embeddable":true,"href":"https:\/\/racinglineteam.pl\/index.php\/wp-json\/wp\/v2\/users\/2"}],"replies":[{"embeddable":true,"href":"https:\/\/racinglineteam.pl\/index.php\/wp-json\/wp\/v2\/comments?post=262"}],"version-history":[{"count":43,"href":"https:\/\/racinglineteam.pl\/index.php\/wp-json\/wp\/v2\/pages\/262\/revisions"}],"predecessor-version":[{"id":1302,"href":"https:\/\/racinglineteam.pl\/index.php\/wp-json\/wp\/v2\/pages\/262\/revisions\/1302"}],"wp:featuredmedia":[{"embeddable":true,"href":"https:\/\/racinglineteam.pl\/index.php\/wp-json\/"}],"wp:attachment":[{"href":"https:\/\/racinglineteam.pl\/index.php\/wp-json\/wp\/v2\/media?parent=262"}],"curies":[{"name":"wp","href":"https:\/\/api.w.org\/{rel}","templated":true}]}}